{"id":169,"date":"2021-01-21T13:45:41","date_gmt":"2021-01-21T13:45:41","guid":{"rendered":"http:\/\/www.myfoods.se\/?page_id=169"},"modified":"2021-02-16T10:30:07","modified_gmt":"2021-02-16T10:30:07","slug":"about","status":"publish","type":"page","link":"https:\/\/myfoods.se\/sv\/about\/","title":{"rendered":"Om oss"},"content":{"rendered":"<div data-elementor-type=\"wp-post\" data-elementor-id=\"169\" class=\"elementor elementor-169\">\n\t\t\t\t\t\t<section class=\"elementor-section elementor-top-section elementor-element elementor-element-4c53f6f elementor-reverse-mobile elementor-section-boxed elementor-section-height-default elementor-section-height-default\" data-id=\"4c53f6f\" data-element_type=\"section\" data-e-type=\"section\">\n\t\t\t\t\t\t<div class=\"elementor-container elementor-column-gap-default\">\n\t\t\t\t\t<div class=\"elementor-column elementor-col-50 elementor-top-column elementor-element elementor-element-8d719fb\" data-id=\"8d719fb\" data-element_type=\"column\" data-e-type=\"column\">\n\t\t\t<div class=\"elementor-widget-wrap elementor-element-populated\">\n\t\t\t\t\t\t<div class=\"elementor-element elementor-element-6777914 elementor-widget elementor-widget-heading\" data-id=\"6777914\" data-element_type=\"widget\" data-e-type=\"widget\" data-widget_type=\"heading.default\">\n\t\t\t\t<div class=\"elementor-widget-container\">\n\t\t\t\t\t<h2 class=\"elementor-heading-title elementor-size-default\">OM OSS<\/h2>\t\t\t\t<\/div>\n\t\t\t\t<\/div>\n\t\t\r\n\t\t<div class=\"elementor-element elementor-element-a92f4c8 elementor-widget__width-initial elementor-widget elementor-widget-text-editor\" data-id=\"a92f4c8\" data-element_type=\"widget\" data-e-type=\"widget\" data-widget_type=\"text-editor.default\">\n\t\t\t\t<div class=\"elementor-widget-container\">\n\t\t\t\t\t\t\t\t\t<p>MY FOOD FOR CATERING AND EVENTS \u00e4r k\u00e4rnverksamheten bakom v\u00e5r framst\u00e5ende Catering. Vi kan hitta l\u00f6sningar p\u00e5 alla v\u00e5ra kunders behov, genom att personalisera v\u00e5r Clients Experience Growth och f\u00f6rvandla kvaliteten p\u00e5 v\u00e5r service och innovation till prestanda.<\/p><p>Vi str\u00e4var efter att vara det mest framg\u00e5ngsrikt utvecklande cateringf\u00f6retaget i Sverige, som f\u00f6rvaltar och tillhandah\u00e5ller \u00f6verl\u00e4gsna skr\u00e4ddarsydda, f\u00f6rberedda och presentabla kulinariska konster med enast\u00e5ende kundupplevelse.<\/p>\t\t\t\t\t\t\t\t<\/div>\n\t\t\t\t<\/div>\n\t\t\t\t<div class=\"elementor-element elementor-element-40f28df elementor-widget__width-auto elementor-view-default elementor-position-block-start elementor-mobile-position-block-start elementor-widget elementor-widget-icon-box\" data-id=\"40f28df\" data-element_type=\"widget\" data-e-type=\"widget\" data-widget_type=\"icon-box.default\">\n\t\t\t\t<div class=\"elementor-widget-container\">\n\t\t\t\t\t\t\t<div class=\"elementor-icon-box-wrapper\">\n\n\t\t\t\t\t\t<div class=\"elementor-icon-box-icon\">\n\t\t\t\t<span  class=\"elementor-icon\">\n\t\t\t\t<svg xmlns=\"http:\/\/www.w3.org\/2000\/svg\" width=\"62.429\" height=\"65.064\" viewbox=\"0 0 62.429 65.064\"><g transform=\"translate(0)\"><path d=\"M5527.85,956.112c-.011-.494-.048-.976-.083-1.441l-.021-.276c-.027-.377-.061-.753-.095-1.14l-.158-1.851h-1.716c-.372,0-.743.012-1.115.019-.81.015-1.646.032-2.457.019-1.1-.017-2.2-.084-3.212-.154-1.128-.078-2.054-.163-2.915-.271-.884-.111-1.794-.262-2.674-.409l-.332-.055a48.537,48.537,0,0,1-10.453-3.059,34.046,34.046,0,0,1-4.255-2.138c-.167-.1-.342-.222-.527-.351-.1-.068-.2-.135-.294-.2l-.369-.249h-1.1l-.407.342c-.04.034-.079.069-.118.1l-.023.021a31.02,31.02,0,0,1-4.159,2.19,46.474,46.474,0,0,1-7.717,2.623c-1.537.384-3.161.707-4.828.96-1.363.207-2.714.364-4.016.467-.774.062-1.618.106-2.654.141-.812.027-1.694.041-2.774.043-.386,0-.779-.013-1.192-.027-.2-.007-.4-.014-.606-.019-.084,0-.169,0-.26,0h-1.365l-.186,1.243c-.009.056-.018.111-.026.166-.023.141-.049.3-.066.474-.145,1.472-.219,2.925-.219,4.318,0,.191,0,.382,0,.573,0,.676,0,1.376.02,2.077.037,1.059.1,2.174.18,3.313.079,1.094.171,2.075.283,3,.126,1.05.281,2.126.458,3.2.315,1.9.724,3.821,1.211,5.7a56.961,56.961,0,0,0,4.668,12.195,48.539,48.539,0,0,0,5.892,8.765,46.579,46.579,0,0,0,9.345,8.388,50.834,50.834,0,0,0,6.436,3.706c.4.193.8.377,1.191.555.2.093.409.187.611.281l.027.016.1.058.338.2h.843l.805-.377q.561-.262,1.122-.526a49.807,49.807,0,0,0,8.656-5.2,47,47,0,0,0,6.276-5.674,48.6,48.6,0,0,0,8.249-12.4,57.789,57.789,0,0,0,3.433-9.48c.514-1.912.944-3.869,1.277-5.816.165-.958.295-1.926.421-2.861l.061-.446c.2-1.491.315-2.974.4-4.229C5527.877,960.712,5527.909,958.648,5527.85,956.112Zm-7.185,2.36c.011.482.018.948.011,1.417-.018,1.271-.055,2.242-.119,3.147-.088,1.252-.219,2.483-.348,3.628a53.293,53.293,0,0,1-1.361,7.29,47.614,47.614,0,0,1-4.666,11.684,40.03,40.03,0,0,1-3.974,5.751,38.3,38.3,0,0,1-3.731,3.9,40.28,40.28,0,0,1-6.225,4.623c-1.156.7-2.359,1.349-3.584,1.941l-.109-.055c-.53-.268-1.079-.545-1.609-.826a40.034,40.034,0,0,1-5.741-3.712,38.876,38.876,0,0,1-5.581-5.283,40.858,40.858,0,0,1-5.905-9.071,49.2,49.2,0,0,1-3.173-8.7c-.447-1.7-.816-3.431-1.095-5.151-.141-.872-.266-1.8-.392-2.911-.117-1.029-.213-2.06-.288-3.063-.033-.449-.047-.9-.062-1.38-.01-.309-.019-.617-.034-.925-.038-.776-.038-1.551-.022-2.3l.1,0c.867-.024,1.764-.049,2.659-.116,1.587-.118,3.007-.263,4.34-.446a53.376,53.376,0,0,0,12.378-3.2,42.29,42.29,0,0,0,4.538-2.1l.553.29a45.513,45.513,0,0,0,7.279,2.982,52.4,52.4,0,0,0,6.631,1.636c1.219.218,2.453.381,3.645.537l.021,0a50.59,50.59,0,0,0,5.333.4Z\" transform=\"translate(-5465.45 -944.554)\" fill=\"#677685\"><\/path><path d=\"M5568.617,1076.6l-9.368-9.362-4.483,4.483,13.84,13.84L5591.167,1063l-4.507-4.444Z\" transform=\"translate(-5541.739 -1041.932)\" fill=\"#677685\"><\/path><\/g><g transform=\"translate(0)\"><path d=\"M5527.85,956.112c-.011-.494-.048-.976-.083-1.441l-.021-.276c-.027-.377-.061-.753-.095-1.14l-.158-1.851h-1.716c-.372,0-.743.012-1.115.019-.81.015-1.646.032-2.457.019-1.1-.017-2.2-.084-3.212-.154-1.128-.078-2.054-.163-2.915-.271-.884-.111-1.794-.262-2.674-.409l-.332-.055a48.537,48.537,0,0,1-10.453-3.059,34.046,34.046,0,0,1-4.255-2.138c-.167-.1-.342-.222-.527-.351-.1-.068-.2-.135-.294-.2l-.369-.249h-1.1l-.407.342c-.04.034-.079.069-.118.1l-.023.021a31.02,31.02,0,0,1-4.159,2.19,46.474,46.474,0,0,1-7.717,2.623c-1.537.384-3.161.707-4.828.96-1.363.207-2.714.364-4.016.467-.774.062-1.618.106-2.654.141-.812.027-1.694.041-2.774.043-.386,0-.779-.013-1.192-.027-.2-.007-.4-.014-.606-.019-.084,0-.169,0-.26,0h-1.365l-.186,1.243c-.009.056-.018.111-.026.166-.023.141-.049.3-.066.474-.145,1.472-.219,2.925-.219,4.318,0,.191,0,.382,0,.573,0,.676,0,1.376.02,2.077.037,1.059.1,2.174.18,3.313.079,1.094.171,2.075.283,3,.126,1.05.281,2.126.458,3.2.315,1.9.724,3.821,1.211,5.7a56.961,56.961,0,0,0,4.668,12.195,48.539,48.539,0,0,0,5.892,8.765,46.579,46.579,0,0,0,9.345,8.388,50.834,50.834,0,0,0,6.436,3.706c.4.193.8.377,1.191.555.2.093.409.187.611.281l.027.016.1.058.338.2h.843l.805-.377q.561-.262,1.122-.526a49.807,49.807,0,0,0,8.656-5.2,47,47,0,0,0,6.276-5.674,48.6,48.6,0,0,0,8.249-12.4,57.789,57.789,0,0,0,3.433-9.48c.514-1.912.944-3.869,1.277-5.816.165-.958.295-1.926.421-2.861l.061-.446c.2-1.491.315-2.974.4-4.229C5527.877,960.712,5527.909,958.648,5527.85,956.112Zm-7.185,2.36c.011.482.018.948.011,1.417-.018,1.271-.055,2.242-.119,3.147-.088,1.252-.219,2.483-.348,3.628a53.293,53.293,0,0,1-1.361,7.29,47.614,47.614,0,0,1-4.666,11.684,40.03,40.03,0,0,1-3.974,5.751,38.3,38.3,0,0,1-3.731,3.9,40.28,40.28,0,0,1-6.225,4.623c-1.156.7-2.359,1.349-3.584,1.941l-.109-.055c-.53-.268-1.079-.545-1.609-.826a40.034,40.034,0,0,1-5.741-3.712,38.876,38.876,0,0,1-5.581-5.283,40.858,40.858,0,0,1-5.905-9.071,49.2,49.2,0,0,1-3.173-8.7c-.447-1.7-.816-3.431-1.095-5.151-.141-.872-.266-1.8-.392-2.911-.117-1.029-.213-2.06-.288-3.063-.033-.449-.047-.9-.062-1.38-.01-.309-.019-.617-.034-.925-.038-.776-.038-1.551-.022-2.3l.1,0c.867-.024,1.764-.049,2.659-.116,1.587-.118,3.007-.263,4.34-.446a53.376,53.376,0,0,0,12.378-3.2,42.29,42.29,0,0,0,4.538-2.1l.553.29a45.513,45.513,0,0,0,7.279,2.982,52.4,52.4,0,0,0,6.631,1.636c1.219.218,2.453.381,3.645.537l.021,0a50.59,50.59,0,0,0,5.333.4Z\" transform=\"translate(-5465.45 -944.554)\" fill=\"#677685\"><\/path><path d=\"M5568.617,1076.6l-9.368-9.362-4.483,4.483,13.84,13.84L5591.167,1063l-4.507-4.444Z\" transform=\"translate(-5541.739 -1041.932)\" fill=\"#677685\"><\/path><\/g><\/svg>\t\t\t\t<\/span>\n\t\t\t<\/div>\n\t\t\t\n\t\t\t\t\t\t<div class=\"elementor-icon-box-content\">\n\n\t\t\t\t\t\t\t\t\t<h3 class=\"elementor-icon-box-title\">\n\t\t\t\t\t\t<span  >\n\t\t\t\t\t\t\tS\u00e4ker\t\t\t\t\t\t<\/span>\n\t\t\t\t\t<\/h3>\n\t\t\t\t\n\t\t\t\t\n\t\t\t<\/div>\n\t\t\t\n\t\t<\/div>\n\t\t\t\t\t\t<\/div>\n\t\t\t\t<\/div>\n\t\t\t\t<div class=\"elementor-element elementor-element-15e5ce8 elementor-widget__width-auto elementor-view-default elementor-position-block-start elementor-mobile-position-block-start elementor-widget elementor-widget-icon-box\" data-id=\"15e5ce8\" data-element_type=\"widget\" data-e-type=\"widget\" data-widget_type=\"icon-box.default\">\n\t\t\t\t<div class=\"elementor-widget-container\">\n\t\t\t\t\t\t\t<div class=\"elementor-icon-box-wrapper\">\n\n\t\t\t\t\t\t<div class=\"elementor-icon-box-icon\">\n\t\t\t\t<span  class=\"elementor-icon\">\n\t\t\t\t<svg xmlns=\"http:\/\/www.w3.org\/2000\/svg\" width=\"68.426\" height=\"60.762\" viewbox=\"0 0 68.426 60.762\"><path d=\"M1057.865,240.956l3.434-7.332a1.337,1.337,0,0,1,1.2-.754,1.312,1.312,0,0,1,1.185.782l4.439,10.069,4.742-18.6a1.31,1.31,0,0,1,1.247-.986,1.284,1.284,0,0,1,1.281.941l7.677,26.123,3.994-15.808a1.31,1.31,0,0,1,2.492-.154l2.152,5.524,12.635.119c3.891-6.231,5.2-11.732,4.6-16.572-1.259-10.08-7.855-16.144-15.079-16.144-8.322,0-16.728,7.388-18.993,9.532-2.265-2.144-10.671-9.532-18.993-9.532-7.224,0-13.819,6.064-15.079,16.144-.609,4.875.724,10.42,4.681,16.706Z\" transform=\"translate(-1040.656 -208.161)\" fill=\"#677685\" fill-rule=\"evenodd\"><\/path><path d=\"M1098.3,268.676a1.31,1.31,0,0,1-1.208-.835l-.987-2.531-4.166,16.487a1.31,1.31,0,0,1-1.246.989h-.025a1.31,1.31,0,0,1-1.257-.941l-7.682-26.143-4.5,17.651a1.311,1.311,0,0,1-2.469.2l-4.808-10.9-2.563,5.471a1.311,1.311,0,0,1-1.181.754h-.062l-11.4.051a75.386,75.386,0,0,0,8.681,9.857,160.978,160.978,0,0,0,18.941,15.443,161.005,161.005,0,0,0,18.942-15.443,75.112,75.112,0,0,0,8.784-10Z\" transform=\"translate(-1048.156 -233.467)\" fill=\"#677685\" fill-rule=\"evenodd\"><\/path><\/svg>\t\t\t\t<\/span>\n\t\t\t<\/div>\n\t\t\t\n\t\t\t\t\t\t<div class=\"elementor-icon-box-content\">\n\n\t\t\t\t\t\t\t\t\t<h3 class=\"elementor-icon-box-title\">\n\t\t\t\t\t\t<span  >\n\t\t\t\t\t\t\tFriska\t\t\t\t\t\t<\/span>\n\t\t\t\t\t<\/h3>\n\t\t\t\t\n\t\t\t\t\n\t\t\t<\/div>\n\t\t\t\n\t\t<\/div>\n\t\t\t\t\t\t<\/div>\n\t\t\t\t<\/div>\n\t\t\t\t<div class=\"elementor-element elementor-element-d2855b0 elementor-widget__width-auto elementor-view-default elementor-position-block-start elementor-mobile-position-block-start elementor-widget elementor-widget-icon-box\" data-id=\"d2855b0\" data-element_type=\"widget\" data-e-type=\"widget\" data-widget_type=\"icon-box.default\">\n\t\t\t\t<div class=\"elementor-widget-container\">\n\t\t\t\t\t\t\t<div class=\"elementor-icon-box-wrapper\">\n\n\t\t\t\t\t\t<div class=\"elementor-icon-box-icon\">\n\t\t\t\t<span  class=\"elementor-icon\">\n\t\t\t\t<svg xmlns=\"http:\/\/www.w3.org\/2000\/svg\" width=\"44.502\" height=\"73.955\" viewbox=\"0 0 44.502 73.955\"><path d=\"M6208,1183.145q0-2.993,0-5.986c0-5.125-.005-10.424.025-15.635a3.86,3.86,0,0,0-1.254-3.036c-1.4-1.361-2.8-2.767-4.148-4.127-1.6-1.609-3.257-3.273-4.921-4.876a3.7,3.7,0,0,1-1.214-2.975c.059-10.134.043-20.1.02-28.507-.011-3.718-2.32-6.036-6.028-6.049-2.545-.009-5.091,0-7.638,0-4.325.012-8.8.022-13.194-.046a6.2,6.2,0,0,0-4.4,1.743,5.841,5.841,0,0,0-1.723,4.281c.037,15.127.037,30.272,0,45.015a5.993,5.993,0,0,0,1.792,4.391,5.916,5.916,0,0,0,4.324,1.647c2.233-.086,4.513-.064,6.716-.041.835.008,1.67.017,2.505.02.318,0,.639.031,1.01.067l.176.016c-.016.1-.03.2-.046.3-.07.464-.136.9-.184,1.338a18.846,18.846,0,0,0,3.253,13.507,9.722,9.722,0,0,0,.912,1.1,1.641,1.641,0,0,0,1.177.565,1.512,1.512,0,0,0,.926-.339,1.477,1.477,0,0,0,.362-2.082,4.067,4.067,0,0,0-.389-.512c-.08-.094-.161-.189-.233-.289-2.828-3.872-3.662-8.3-2.547-13.534a19.259,19.259,0,0,1,5.707.071,10.62,10.62,0,0,0,.115,5.255,6.649,6.649,0,0,0,.949,2.052,1.64,1.64,0,0,0,1.65.386,2.056,2.056,0,0,0,.918-1.285,1.532,1.532,0,0,0-.174-1c-.024-.059-.048-.116-.069-.171a7.69,7.69,0,0,1-.228-4.957c.3-1.032.615-2.042.955-3.11q.224-.7.449-1.427l.1-.3-.278-.156c-.167-.094-.342-.184-.52-.275a7.267,7.267,0,0,1-1.086-.637c-.274-.209-.555-.413-.836-.619a15.748,15.748,0,0,1-2.572-2.174c-1.711-1.948-1.69-4.436.035-6.716l.062.053c.266.225.518.438.751.672q2.4,2.393,4.8,4.793,1.632,1.632,3.266,3.264l.157.157a10.686,10.686,0,0,0,1.028.946,1.455,1.455,0,0,0,1.941-.049,1.526,1.526,0,0,0,.225-2.106,4.068,4.068,0,0,0-.642-.718c-.071-.068-.143-.136-.211-.2-.27-.271-.544-.539-.818-.807-.6-.589-1.227-1.2-1.786-1.834a2.376,2.376,0,0,1-.618-1.266c-.064-1.086-.054-2.182-.042-3.452q0-.372.006-.765.891.9,1.737,1.751c1.879,1.9,3.654,3.69,5.458,5.43a3.474,3.474,0,0,1,1.185,2.788c-.054,5.557-.042,11.207-.03,16.671l.007,3.581a6.552,6.552,0,0,0,.188,1.852,1.5,1.5,0,0,0,.742.922,1.221,1.221,0,0,0,.987.053,2.1,2.1,0,0,0,1.112-1.119,2.834,2.834,0,0,0,.118-1.174C6208,1183.365,6208,1183.254,6208,1183.145Zm-14.637-38.486q0,4.881,0,9.761l-3.282-3.273a2.62,2.62,0,0,0-3.951.292,9.541,9.541,0,0,0-2.065,7.149c.437,3.42,2.7,5.52,5.285,7.193-.18.015-.329.024-.476.024q-9.433.009-18.864,0c-2.482,0-3.321-.823-3.323-3.246-.009-14.253-.009-29.13,0-44.215,0-2.392.816-3.242,3.114-3.248q1.112,0,2.224,0,2.383,0,4.767.007c4.409.009,8.968.019,13.452-.047a3.126,3.126,0,0,1,2.3.842,3.082,3.082,0,0,1,.855,2.238C6193.353,1126.976,6193.355,1135.965,6193.358,1144.658Z\" transform=\"translate(-6163.517 -1111.91)\" fill=\"#677685\"><\/path><path d=\"M6200,1225.456h-.012a3.513,3.513,0,0,0-2.509,1.062,3.64,3.64,0,0,0-1.054,2.592,3.677,3.677,0,0,0,1.134,2.6,3.482,3.482,0,0,0,2.413.982l.116,0a3.618,3.618,0,0,0,2.427-6.152A3.513,3.513,0,0,0,6200,1225.456Z\" transform=\"translate(-6183.487 -1180.809)\" fill=\"#677685\"><\/path><path d=\"M6201.608,1124.3c-1.478-.088-5.331-.09-6.871,0a1.366,1.366,0,0,0-.981.47,1.588,1.588,0,0,0-.331,1.214,1.394,1.394,0,0,0,1.392,1.329c.558.028,2.451.018,3.7.012l.423,0h.393c.214,0,.428,0,.642.005s.431,0,.648,0c.289,0,.58,0,.871-.018a1.4,1.4,0,0,0,1.4-1.313,1.592,1.592,0,0,0-.323-1.225A1.354,1.354,0,0,0,6201.608,1124.3Z\" transform=\"translate(-6181.658 -1119.388)\" fill=\"#677685\"><\/path><\/svg>\t\t\t\t<\/span>\n\t\t\t<\/div>\n\t\t\t\n\t\t\t\t\t\t<div class=\"elementor-icon-box-content\">\n\n\t\t\t\t\t\t\t\t\t<h3 class=\"elementor-icon-box-title\">\n\t\t\t\t\t\t<span  >\n\t\t\t\t\t\t\tSmart\t\t\t\t\t\t<\/span>\n\t\t\t\t\t<\/h3>\n\t\t\t\t\n\t\t\t\t\n\t\t\t<\/div>\n\t\t\t\n\t\t<\/div>\n\t\t\t\t\t\t<\/div>\n\t\t\t\t<\/div>\n\t\t\t\t\t<\/div>\n\t\t<\/div>\n\t\t\t\t<div class=\"elementor-column elementor-col-50 elementor-top-column elementor-element elementor-element-677d8b4\" data-id=\"677d8b4\" data-element_type=\"column\" data-e-type=\"column\">\n\t\t\t<div class=\"elementor-widget-wrap elementor-element-populated\">\n\t\t\t\t\t\t<div class=\"elementor-element elementor-element-dc3a5ed elementor-widget elementor-widget-image\" data-id=\"dc3a5ed\" data-element_type=\"widget\" data-e-type=\"widget\" data-widget_type=\"image.default\">\n\t\t\t\t<div class=\"elementor-widget-container\">\n\t\t\t\t\t\t\t\t\t\t\t\t\t\t\t<img fetchpriority=\"high\" decoding=\"async\" width=\"659\" height=\"680\" src=\"https:\/\/myfoods.se\/wp-content\/uploads\/2021\/01\/Image-3.jpg\" class=\"attachment-full size-full wp-image-79\" alt=\"\" srcset=\"https:\/\/myfoods.se\/wp-content\/uploads\/2021\/01\/Image-3.jpg 659w, https:\/\/myfoods.se\/wp-content\/uploads\/2021\/01\/Image-3-291x300.jpg 291w\" sizes=\"(max-width: 659px) 100vw, 659px\" \/>\t\t\t\t\t\t\t\t\t\t\t\t\t\t\t<\/div>\n\t\t\t\t<\/div>\n\t\t\t\t\t<\/div>\n\t\t<\/div>\n\t\t\t\t\t<\/div>\n\t\t<\/section>\n\t\t\t\t<section class=\"elementor-section elementor-top-section elementor-element elementor-element-99e5314 elementor-reverse-mobile elementor-section-boxed elementor-section-height-default elementor-section-height-default\" data-id=\"99e5314\" data-element_type=\"section\" data-e-type=\"section\">\n\t\t\t\t\t\t<div class=\"elementor-container elementor-column-gap-default\">\n\t\t\t\t\t<div class=\"elementor-column elementor-col-100 elementor-top-column elementor-element elementor-element-f7d817e\" data-id=\"f7d817e\" data-element_type=\"column\" data-e-type=\"column\">\n\t\t\t<div class=\"elementor-widget-wrap elementor-element-populated\">\n\t\t\t\t\t\t<div class=\"elementor-element elementor-element-d9eb296 elementor-widget elementor-widget-heading\" data-id=\"d9eb296\" data-element_type=\"widget\" data-e-type=\"widget\" data-widget_type=\"heading.default\">\n\t\t\t\t<div class=\"elementor-widget-container\">\n\t\t\t\t\t<h3 class=\"elementor-heading-title elementor-size-default\">v\u00e5r vision<\/h3>\t\t\t\t<\/div>\n\t\t\t\t<\/div>\n\t\t\t\t<div class=\"elementor-element elementor-element-77c37cb elementor-widget__width-initial elementor-widget elementor-widget-text-editor\" data-id=\"77c37cb\" data-element_type=\"widget\" data-e-type=\"widget\" data-widget_type=\"text-editor.default\">\n\t\t\t\t<div class=\"elementor-widget-container\">\n\t\t\t\t\t\t\t\t\t<p>Att \u00f6ka skillnaden i cateringfunktioner, dvs. utm\u00e4rkt marknadsupplevelse, dynamisk organisationskultur och aff\u00e4rsmodell.<\/p>\t\t\t\t\t\t\t\t<\/div>\n\t\t\t\t<\/div>\n\t\t\t\t\t<\/div>\n\t\t<\/div>\n\t\t\t\t\t<\/div>\n\t\t<\/section>\n\t\t\t\t<\/div>","protected":false},"excerpt":{"rendered":"<p>About us MY FOOD CATERING AND EVETNTS is the core business behind the distinguished Catering, we are able to bring solutions to all the needs of our clients\u2019 needs, through Personalizing the Clients Experience Grow &amp; turning the quality of our service and innovation into performance actuators. We strive to be the most successful evolving [&hellip;]<\/p>\n","protected":false},"author":1,"featured_media":0,"parent":0,"menu_order":0,"comment_status":"closed","ping_status":"closed","template":"","meta":{"footnotes":""},"class_list":["post-169","page","type-page","status-publish","hentry","entry"],"_links":{"self":[{"href":"https:\/\/myfoods.se\/sv\/wp-json\/wp\/v2\/pages\/169","targetHints":{"allow":["GET"]}}],"collection":[{"href":"https:\/\/myfoods.se\/sv\/wp-json\/wp\/v2\/pages"}],"about":[{"href":"https:\/\/myfoods.se\/sv\/wp-json\/wp\/v2\/types\/page"}],"author":[{"embeddable":true,"href":"https:\/\/myfoods.se\/sv\/wp-json\/wp\/v2\/users\/1"}],"replies":[{"embeddable":true,"href":"https:\/\/myfoods.se\/sv\/wp-json\/wp\/v2\/comments?post=169"}],"version-history":[{"count":19,"href":"https:\/\/myfoods.se\/sv\/wp-json\/wp\/v2\/pages\/169\/revisions"}],"predecessor-version":[{"id":466,"href":"https:\/\/myfoods.se\/sv\/wp-json\/wp\/v2\/pages\/169\/revisions\/466"}],"wp:attachment":[{"href":"https:\/\/myfoods.se\/sv\/wp-json\/wp\/v2\/media?parent=169"}],"curies":[{"name":"wp","href":"https:\/\/api.w.org\/{rel}","templated":true}]}}