
{"id":142,"date":"2021-01-21T13:38:28","date_gmt":"2021-01-21T13:38:28","guid":{"rendered":"http:\/\/www.myfoods.se\/?page_id=142"},"modified":"2021-03-23T13:05:27","modified_gmt":"2021-03-23T13:05:27","slug":"services","status":"publish","type":"page","link":"https:\/\/myfoods.se\/sv\/services\/","title":{"rendered":"Tj\u00e4nster"},"content":{"rendered":"<div data-elementor-type=\"wp-post\" data-elementor-id=\"142\" class=\"elementor elementor-142\">\n\t\t\t\t\t\t<section class=\"elementor-section elementor-top-section elementor-element elementor-element-391c8ea elementor-section-full_width elementor-section-stretched elementor-section-height-default elementor-section-height-default\" data-id=\"391c8ea\" data-element_type=\"section\" data-e-type=\"section\" data-settings=\"{&quot;stretch_section&quot;:&quot;section-stretched&quot;}\">\n\t\t\t\t\t\t<div class=\"elementor-container elementor-column-gap-no\">\n\t\t\t\t\t<div class=\"elementor-column elementor-col-100 elementor-top-column elementor-element elementor-element-1e64e72\" data-id=\"1e64e72\" data-element_type=\"column\" data-e-type=\"column\">\n\t\t\t<div class=\"elementor-widget-wrap elementor-element-populated\">\n\t\t\t\t\t\t<div class=\"elementor-element elementor-element-5bf674f elementor-widget elementor-widget-image\" data-id=\"5bf674f\" data-element_type=\"widget\" data-e-type=\"widget\" data-widget_type=\"image.default\">\n\t\t\t\t<div class=\"elementor-widget-container\">\n\t\t\t\t\t\t\t\t\t\t\t\t\t\t\t<img fetchpriority=\"high\" decoding=\"async\" width=\"1920\" height=\"643\" src=\"https:\/\/myfoods.se\/wp-content\/uploads\/2021\/02\/main1-2.jpg\" class=\"attachment-full size-full wp-image-519\" alt=\"\" srcset=\"https:\/\/myfoods.se\/wp-content\/uploads\/2021\/02\/main1-2.jpg 1920w, https:\/\/myfoods.se\/wp-content\/uploads\/2021\/02\/main1-2-300x100.jpg 300w, https:\/\/myfoods.se\/wp-content\/uploads\/2021\/02\/main1-2-1024x343.jpg 1024w, https:\/\/myfoods.se\/wp-content\/uploads\/2021\/02\/main1-2-768x257.jpg 768w, https:\/\/myfoods.se\/wp-content\/uploads\/2021\/02\/main1-2-1536x514.jpg 1536w\" sizes=\"(max-width: 1920px) 100vw, 1920px\" \/>\t\t\t\t\t\t\t\t\t\t\t\t\t\t\t<\/div>\n\t\t\t\t<\/div>\n\t\t\t\t\t<\/div>\n\t\t<\/div>\n\t\t\t\t\t<\/div>\n\t\t<\/section>\n\t\t\t\t<section class=\"elementor-section elementor-top-section elementor-element elementor-element-283e681 elementor-section-boxed elementor-section-height-default elementor-section-height-default\" data-id=\"283e681\" data-element_type=\"section\" data-e-type=\"section\">\n\t\t\t\t\t\t<div class=\"elementor-container elementor-column-gap-default\">\n\t\t\t\t\t<div class=\"elementor-column elementor-col-100 elementor-top-column elementor-element elementor-element-d5b44cc\" data-id=\"d5b44cc\" data-element_type=\"column\" data-e-type=\"column\">\n\t\t\t<div class=\"elementor-widget-wrap elementor-element-populated\">\n\t\t\t\t\t\t<div class=\"elementor-element elementor-element-3147177 elementor-widget elementor-widget-heading\" data-id=\"3147177\" data-element_type=\"widget\" data-e-type=\"widget\" data-widget_type=\"heading.default\">\n\t\t\t\t<div class=\"elementor-widget-container\">\n\t\t\t\t\t<h2 class=\"elementor-heading-title elementor-size-default\">V\u00c5RA TJ\u00c4NSTER<\/h2>\t\t\t\t<\/div>\n\t\t\t\t<\/div>\n\t\t\t\t\t<\/div>\n\t\t<\/div>\n\t\t\t\t\t<\/div>\n\t\t<\/section>\n\t\t\t\t<section class=\"elementor-section elementor-top-section elementor-element elementor-element-63fa9e4 elementor-section-boxed elementor-section-height-default elementor-section-height-default\" data-id=\"63fa9e4\" data-element_type=\"section\" data-e-type=\"section\">\n\t\t\t\t\t\t<div class=\"elementor-container elementor-column-gap-default\">\n\t\t\t\t\t<div class=\"elementor-column elementor-col-100 elementor-top-column elementor-element elementor-element-98e571e\" data-id=\"98e571e\" data-element_type=\"column\" data-e-type=\"column\">\n\t\t\t<div class=\"elementor-widget-wrap elementor-element-populated\">\n\t\t\t\t\t\t<div class=\"elementor-element elementor-element-5f7466f elementor-widget elementor-widget-text-editor\" data-id=\"5f7466f\" data-element_type=\"widget\" data-e-type=\"widget\" data-widget_type=\"text-editor.default\">\n\t\t\t\t<div class=\"elementor-widget-container\">\n\t\t\t\t\t\t\t\t\t<p>MY FOOD FOR CATERING AND EVENTS har \u00e5tagit sig den b\u00e4sta servicen med de mest innovativa och skr\u00e4ddarsydda planerna som faller inom din budget och uppfyller dina behov.<\/p><p>Vi har kompetensen att hantera alla typer av kontrakt i alla branscher.<\/p><p>Med v\u00e5rt professionella team kan vi se till att dina behov uppfylls enligt de b\u00e4sta kvalitetsstandarder som du kan f\u00f6rv\u00e4nta dig av en uppriktig Catering.<\/p>\t\t\t\t\t\t\t\t<\/div>\n\t\t\t\t<\/div>\n\t\t\t\t\t<\/div>\n\t\t<\/div>\n\t\t\t\t\t<\/div>\n\t\t<\/section>\n\t\t\t\t<section class=\"elementor-section elementor-top-section elementor-element elementor-element-953a085 elementor-section-boxed elementor-section-height-default elementor-section-height-default\" data-id=\"953a085\" data-element_type=\"section\" data-e-type=\"section\">\n\t\t\t\t\t\t<div class=\"elementor-container elementor-column-gap-no\">\n\t\t\t\t\t<div class=\"elementor-column elementor-col-100 elementor-top-column elementor-element elementor-element-a6c95de\" data-id=\"a6c95de\" data-element_type=\"column\" data-e-type=\"column\">\n\t\t\t<div class=\"elementor-widget-wrap elementor-element-populated\">\n\t\t\t\t\t\t<div class=\"elementor-element elementor-element-11c091c elementor-widget elementor-widget-heading\" data-id=\"11c091c\" data-element_type=\"widget\" data-e-type=\"widget\" data-widget_type=\"heading.default\">\n\t\t\t\t<div class=\"elementor-widget-container\">\n\t\t\t\t\t<h3 class=\"elementor-heading-title elementor-size-default\">CATERINGSTJ\u00c4NSTER F\u00d6R F\u00d6LJANDE<\/h3>\t\t\t\t<\/div>\n\t\t\t\t<\/div>\n\t\t\t\t<div class=\"elementor-element elementor-element-1a8e2ea elementor-widget elementor-widget-image-gallery\" data-id=\"1a8e2ea\" data-element_type=\"widget\" data-e-type=\"widget\" data-widget_type=\"image-gallery.default\">\n\t\t\t\t<div class=\"elementor-widget-container\">\n\t\t\t\t\t\t\t<div class=\"elementor-image-gallery\">\n\t\t\t<div id='gallery-1' class='gallery galleryid-142 gallery-columns-5 gallery-size-full'><figure class='gallery-item'>\n\t\t\t<div class='gallery-icon landscape'>\n\t\t\t\t<img decoding=\"async\" width=\"120\" height=\"120\" src=\"https:\/\/myfoods.se\/wp-content\/uploads\/2021\/02\/Layer-1.png\" class=\"attachment-full size-full\" alt=\"\" aria-describedby=\"gallery-1-651\" \/>\n\t\t\t<\/div>\n\t\t\t\t<figcaption class='wp-caption-text gallery-caption' id='gallery-1-651'>\n\t\t\t\tDagis, Skolor, Universitet\n\t\t\t\t<\/figcaption><\/figure><figure class='gallery-item'>\n\t\t\t<div class='gallery-icon landscape'>\n\t\t\t\t<img decoding=\"async\" width=\"120\" height=\"120\" src=\"https:\/\/myfoods.se\/wp-content\/uploads\/2021\/02\/Layer-3.jpg\" class=\"attachment-full size-full\" alt=\"\" aria-describedby=\"gallery-1-653\" \/>\n\t\t\t<\/div>\n\t\t\t\t<figcaption class='wp-caption-text gallery-caption' id='gallery-1-653'>\n\t\t\t\tSjukhus\n\t\t\t\t<\/figcaption><\/figure><figure class='gallery-item'>\n\t\t\t<div class='gallery-icon landscape'>\n\t\t\t\t<img loading=\"lazy\" decoding=\"async\" width=\"133\" height=\"120\" src=\"https:\/\/myfoods.se\/wp-content\/uploads\/2021\/02\/Layer-2.jpg\" class=\"attachment-full size-full\" alt=\"\" aria-describedby=\"gallery-1-652\" \/>\n\t\t\t<\/div>\n\t\t\t\t<figcaption class='wp-caption-text gallery-caption' id='gallery-1-652'>\n\t\t\t\tFabriker och servicefaciliteter\n\t\t\t\t<\/figcaption><\/figure><figure class='gallery-item'>\n\t\t\t<div class='gallery-icon landscape'>\n\t\t\t\t<img loading=\"lazy\" decoding=\"async\" width=\"120\" height=\"120\" src=\"https:\/\/myfoods.se\/wp-content\/uploads\/2021\/02\/Layer-5.jpg\" class=\"attachment-full size-full\" alt=\"\" aria-describedby=\"gallery-1-655\" \/>\n\t\t\t<\/div>\n\t\t\t\t<figcaption class='wp-caption-text gallery-caption' id='gallery-1-655'>\n\t\t\t\t\u00c4ldrecentra\n\t\t\t\t<\/figcaption><\/figure><figure class='gallery-item'>\n\t\t\t<div class='gallery-icon landscape'>\n\t\t\t\t<img loading=\"lazy\" decoding=\"async\" width=\"120\" height=\"120\" src=\"https:\/\/myfoods.se\/wp-content\/uploads\/2021\/02\/Layer-4.jpg\" class=\"attachment-full size-full\" alt=\"\" aria-describedby=\"gallery-1-654\" \/>\n\t\t\t<\/div>\n\t\t\t\t<figcaption class='wp-caption-text gallery-caption' id='gallery-1-654'>\n\t\t\t\tKonserter och konferenser\n\t\t\t\t<\/figcaption><\/figure>\n\t\t<\/div>\n\t\t<\/div>\n\t\t\t\t\t\t<\/div>\n\t\t\t\t<\/div>\n\t\t\t\t\t<\/div>\n\t\t<\/div>\n\t\t\t\t\t<\/div>\n\t\t<\/section>\n\t\t\t\t<section class=\"elementor-section elementor-top-section elementor-element elementor-element-eaf9957 elementor-section-boxed elementor-section-height-default elementor-section-height-default\" data-id=\"eaf9957\" data-element_type=\"section\" data-e-type=\"section\">\n\t\t\t\t\t\t<div class=\"elementor-container elementor-column-gap-default\">\n\t\t\t\t\t<div class=\"elementor-column elementor-col-100 elementor-top-column elementor-element elementor-element-cb3bc73\" data-id=\"cb3bc73\" data-element_type=\"column\" data-e-type=\"column\">\n\t\t\t<div class=\"elementor-widget-wrap elementor-element-populated\">\n\t\t\t\t\t\t<div class=\"elementor-element elementor-element-a11b61b elementor-align-center elementor-widget elementor-widget-button\" data-id=\"a11b61b\" data-element_type=\"widget\" data-e-type=\"widget\" data-widget_type=\"button.default\">\n\t\t\t\t<div class=\"elementor-widget-container\">\n\t\t\t\t\t\t\t\t\t<div class=\"elementor-button-wrapper\">\n\t\t\t\t\t<a class=\"elementor-button elementor-button-link elementor-size-sm\" href=\"https:\/\/myfoods.se\/sv\/contact\/\">\n\t\t\t\t\t\t<span class=\"elementor-button-content-wrapper\">\n\t\t\t\t\t\t\t\t\t<span class=\"elementor-button-text\">Kontakta oss nu<\/span>\n\t\t\t\t\t<\/span>\n\t\t\t\t\t<\/a>\n\t\t\t\t<\/div>\n\t\t\t\t\t\t\t\t<\/div>\n\t\t\t\t<\/div>\n\t\t\t\t\t<\/div>\n\t\t<\/div>\n\t\t\t\t\t<\/div>\n\t\t<\/section>\n\t\t\t\t<\/div>","protected":false},"excerpt":{"rendered":"<p>our services MY FOOD FOR CATERING AND EVENTS is committed the best service with the most innovative and custom-made plans which fall in your budget and meet your needs We have the expertise to handle any type of contract in any industry. With our professional team, we can ensure that your needs are executed to [&hellip;]<\/p>\n","protected":false},"author":1,"featured_media":0,"parent":0,"menu_order":0,"comment_status":"closed","ping_status":"closed","template":"","meta":{"footnotes":""},"class_list":["post-142","page","type-page","status-publish","hentry","entry"],"_links":{"self":[{"href":"https:\/\/myfoods.se\/sv\/wp-json\/wp\/v2\/pages\/142","targetHints":{"allow":["GET"]}}],"collection":[{"href":"https:\/\/myfoods.se\/sv\/wp-json\/wp\/v2\/pages"}],"about":[{"href":"https:\/\/myfoods.se\/sv\/wp-json\/wp\/v2\/types\/page"}],"author":[{"embeddable":true,"href":"https:\/\/myfoods.se\/sv\/wp-json\/wp\/v2\/users\/1"}],"replies":[{"embeddable":true,"href":"https:\/\/myfoods.se\/sv\/wp-json\/wp\/v2\/comments?post=142"}],"version-history":[{"count":62,"href":"https:\/\/myfoods.se\/sv\/wp-json\/wp\/v2\/pages\/142\/revisions"}],"predecessor-version":[{"id":709,"href":"https:\/\/myfoods.se\/sv\/wp-json\/wp\/v2\/pages\/142\/revisions\/709"}],"wp:attachment":[{"href":"https:\/\/myfoods.se\/sv\/wp-json\/wp\/v2\/media?parent=142"}],"curies":[{"name":"wp","href":"https:\/\/api.w.org\/{rel}","templated":true}]}}